{"id":74,"date":"2020-08-12T17:43:35","date_gmt":"2020-08-12T17:43:35","guid":{"rendered":"https:\/\/71finest.com\/?page_id=74"},"modified":"2020-11-17T10:30:14","modified_gmt":"2020-11-17T10:30:14","slug":"leistungen","status":"publish","type":"page","link":"https:\/\/71finest.com\/index.php\/leistungen\/","title":{"rendered":"Leistungen"},"content":{"rendered":"\n<p style=\"font-size:24px\"><strong>Recording<\/strong><\/p>\n\n\n\n<figure class=\"wp-block-image size-large\"><img loading=\"lazy\" width=\"700\" height=\"105\" src=\"https:\/\/71finest.com\/wp-content\/uploads\/2020\/09\/Oktava-700x105.png\" alt=\"\" class=\"wp-image-135\" srcset=\"https:\/\/71finest.com\/wp-content\/uploads\/2020\/09\/Oktava-700x105.png 700w, https:\/\/71finest.com\/wp-content\/uploads\/2020\/09\/Oktava-300x45.png 300w, https:\/\/71finest.com\/wp-content\/uploads\/2020\/09\/Oktava-768x115.png 768w, https:\/\/71finest.com\/wp-content\/uploads\/2020\/09\/Oktava-1536x230.png 1536w, https:\/\/71finest.com\/wp-content\/uploads\/2020\/09\/Oktava.png 2000w\" sizes=\"(max-width: 700px) 100vw, 700px\" \/><\/figure>\n\n\n\n<p class=\"has-medium-font-size\"><\/p>\n\n\n\n<p style=\"font-size:18px\"><em>Kernelement und Fundament einer professionellen Produktion.<\/em><\/p>\n\n\n\n<p class=\"has-normal-font-size\">F\u00fcr mich ist bereits die Aufnahme von entscheidender Bedeutung f\u00fcr das gesamte Projekt. Seit vielen Jahren nehme ich K\u00fcnstler verschiedenster Genres und Kulturen auf und konnte so unz\u00e4hlige Erfahrungen sammeln. Ob Stimmaufnahmen oder auch das Recording von Instrumenten, die Aufgaben waren und sind vielf\u00e4ltig. <\/p>\n\n\n\n<p class=\"has-normal-font-size\">Um auf die unterschiedlichen Eigenschaften der Klangquellen einzugehen, habe einen bunten Mix an Mikrofonen zur Auswahl. Variable R\u00e4umlichkeiten und hochwertige Technik laden zu Aufnahmen in angenehmer Atmosphere ein. Ebenso ist nach Absprache, auch eine Aufnahme in Ihren R\u00e4umlichkeiten m\u00f6glich.<\/p>\n\n\n\n<p class=\"has-normal-font-size\">Ich w\u00fcrde mich freuen auch Ihrem Projekt die klanglichen Voraussetzungen f\u00fcr ein tolles Endprodukt zu liefern.<\/p>\n\n\n\n<p class=\"has-medium-font-size\"><\/p>\n\n\n\n<p style=\"font-size:24px\"><strong>Editing<\/strong><\/p>\n\n\n\n<div class=\"wp-block-image\"><figure class=\"aligncenter size-large\"><img loading=\"lazy\" width=\"700\" height=\"105\" src=\"https:\/\/71finest.com\/wp-content\/uploads\/2020\/09\/ProTools-700x105.png\" alt=\"\" class=\"wp-image-134\" srcset=\"https:\/\/71finest.com\/wp-content\/uploads\/2020\/09\/ProTools-700x105.png 700w, https:\/\/71finest.com\/wp-content\/uploads\/2020\/09\/ProTools-300x45.png 300w, https:\/\/71finest.com\/wp-content\/uploads\/2020\/09\/ProTools-768x115.png 768w, https:\/\/71finest.com\/wp-content\/uploads\/2020\/09\/ProTools-1536x230.png 1536w, https:\/\/71finest.com\/wp-content\/uploads\/2020\/09\/ProTools.png 2000w\" sizes=\"(max-width: 700px) 100vw, 700px\" \/><\/figure><\/div>\n\n\n\n<p class=\"has-medium-font-size\"><\/p>\n\n\n\n<p style=\"font-size:18px\"><em>Untersch\u00e4tzt, vergessen und doch von entscheidender Bedeutung<\/em>.<\/p>\n\n\n\n<p class=\"has-normal-font-size\">Zu jeder professionellen Produktion geh\u00f6rt ein sauberes Editing. Die Auswahl der geeigneten Aufnahme-Takes, ein sauberer Schnitt und die individuelle Bearbeitung des Klangmaterials sind unverzichtbar. Ein ordentliches und gewissenhaftes Editieren sind die Basis f\u00fcr einen guten Mix und f\u00fcr mich Anlass Ihnen mit besten Hilfsmitteln zur Seite zu stehen.<\/p>\n\n\n\n<p class=\"has-normal-font-size\">Software auf Studiostandard und zahlreiche PlugIns bieten mir beste M\u00f6glichkeiten zur Bearbeitung des Klangmaterials. Ob die akustische Aufbereitung oder die tonale Korrektur, die M\u00f6glichkeiten sind vielf\u00e4ltig.<\/p>\n\n\n\n<p class=\"has-medium-font-size\"><\/p>\n\n\n\n<p style=\"font-size:24px\"><strong>Mixing<\/strong><\/p>\n\n\n\n<div class=\"wp-block-image\"><figure class=\"aligncenter size-large\"><img loading=\"lazy\" width=\"700\" height=\"105\" src=\"https:\/\/71finest.com\/wp-content\/uploads\/2020\/09\/MackieControl-700x105.png\" alt=\"\" class=\"wp-image-136\" srcset=\"https:\/\/71finest.com\/wp-content\/uploads\/2020\/09\/MackieControl-700x105.png 700w, https:\/\/71finest.com\/wp-content\/uploads\/2020\/09\/MackieControl-300x45.png 300w, https:\/\/71finest.com\/wp-content\/uploads\/2020\/09\/MackieControl-768x115.png 768w, https:\/\/71finest.com\/wp-content\/uploads\/2020\/09\/MackieControl-1536x230.png 1536w, https:\/\/71finest.com\/wp-content\/uploads\/2020\/09\/MackieControl.png 2000w\" sizes=\"(max-width: 700px) 100vw, 700px\" \/><\/figure><\/div>\n\n\n\n<p class=\"has-normal-font-size\">Beschreibung folgt&#8230;.<\/p>\n","protected":false},"excerpt":{"rendered":"Recording Kernelement und Fundament einer professionellen Produktion. F\u00fcr mich ist bereits die Aufnahme von entscheidender Bedeutung f\u00fcr das gesamte Projekt. Seit vielen Jahren nehme ich K\u00fcnstler verschiedenster Genres und Kulturen auf und konnte so unz\u00e4hlige Erfahrungen sammeln. Ob Stimmaufnahmen oder auch das Recording von Instrumenten, die Aufgaben waren und sind vielf\u00e4ltig. Um auf die unterschiedlichen","protected":false},"author":1,"featured_media":0,"parent":0,"menu_order":2,"comment_status":"closed","ping_status":"closed","template":"","meta":[],"_links":{"self":[{"href":"https:\/\/71finest.com\/index.php\/wp-json\/wp\/v2\/pages\/74"}],"collection":[{"href":"https:\/\/71finest.com\/index.php\/wp-json\/wp\/v2\/pages"}],"about":[{"href":"https:\/\/71finest.com\/index.php\/wp-json\/wp\/v2\/types\/page"}],"author":[{"embeddable":true,"href":"https:\/\/71finest.com\/index.php\/wp-json\/wp\/v2\/users\/1"}],"replies":[{"embeddable":true,"href":"https:\/\/71finest.com\/index.php\/wp-json\/wp\/v2\/comments?post=74"}],"version-history":[{"count":27,"href":"https:\/\/71finest.com\/index.php\/wp-json\/wp\/v2\/pages\/74\/revisions"}],"predecessor-version":[{"id":268,"href":"https:\/\/71finest.com\/index.php\/wp-json\/wp\/v2\/pages\/74\/revisions\/268"}],"wp:attachment":[{"href":"https:\/\/71finest.com\/index.php\/wp-json\/wp\/v2\/media?parent=74"}],"curies":[{"name":"wp","href":"https:\/\/api.w.org\/{rel}","templated":true}]}}