{"id":32,"date":"2020-07-26T17:16:47","date_gmt":"2020-07-26T17:16:47","guid":{"rendered":"https:\/\/71finest.com\/?page_id=32"},"modified":"2020-11-23T16:19:47","modified_gmt":"2020-11-23T16:19:47","slug":"impressum","status":"publish","type":"page","link":"https:\/\/71finest.com\/index.php\/impressum\/","title":{"rendered":"Impressum"},"content":{"rendered":"\n<p class=\"has-normal-font-size\">Sebastian Wolf<br>Entengasse 25<br>71720 Oberstenfeld<br><br><\/p>\n\n\n\n<p class=\"has-normal-font-size\">Bei technischen Problemen wenden Sie sich bitte an info(at)71finest.com<\/p>\n\n\n\n<p><\/p>\n\n\n\n<h3 class=\"has-medium-font-size\">HAFTUNGSHINWEIS:<\/h3>\n\n\n\n<p class=\"has-normal-font-size\">Trotz sorgf\u00e4ltiger inhaltlicher Kontrolle \u00fcbernehmen wir keine Haftung f\u00fcr die Inhalte externer Links. F\u00fcr den Inhalt der verlinkten Seiten sind ausschliesslich deren Betreiber verantwortlich.<\/p>\n\n\n\n<p class=\"has-normal-font-size\">Im Bereich Datenschutz finden Sie  eine umfassende Datenschutzerkl\u00e4rung. Mit den dortigen Informationen m\u00f6chten Wir Ihnen aufzeigen, wie wir zum Datenschutz stehen, und wie wir personenbezogene Daten sch\u00fctzen.  Wie wir Ihre Daten verwenden, wenn Sie sie uns zur Nutzung der durch uns angebotenen Dienste (z.B. Newsletters usw.) \u00fcberlassen und dass Sie Ihre Einwilligung zur Speicherung und Nutzung Ihrer personenbezogenen Daten jederzeit widerrufen k\u00f6nnen.<\/p>\n","protected":false},"excerpt":{"rendered":"Sebastian WolfEntengasse 2571720 Oberstenfeld Bei technischen Problemen wenden Sie sich bitte an info(at)71finest.com HAFTUNGSHINWEIS: Trotz sorgf\u00e4ltiger inhaltlicher Kontrolle \u00fcbernehmen wir keine Haftung f\u00fcr die Inhalte externer Links. F\u00fcr den Inhalt der verlinkten Seiten sind ausschliesslich deren Betreiber verantwortlich. Im Bereich Datenschutz finden Sie eine umfassende Datenschutzerkl\u00e4rung. Mit den dortigen Informationen m\u00f6chten Wir Ihnen aufzeigen, wie","protected":false},"author":1,"featured_media":0,"parent":0,"menu_order":1,"comment_status":"closed","ping_status":"closed","template":"","meta":[],"_links":{"self":[{"href":"https:\/\/71finest.com\/index.php\/wp-json\/wp\/v2\/pages\/32"}],"collection":[{"href":"https:\/\/71finest.com\/index.php\/wp-json\/wp\/v2\/pages"}],"about":[{"href":"https:\/\/71finest.com\/index.php\/wp-json\/wp\/v2\/types\/page"}],"author":[{"embeddable":true,"href":"https:\/\/71finest.com\/index.php\/wp-json\/wp\/v2\/users\/1"}],"replies":[{"embeddable":true,"href":"https:\/\/71finest.com\/index.php\/wp-json\/wp\/v2\/comments?post=32"}],"version-history":[{"count":4,"href":"https:\/\/71finest.com\/index.php\/wp-json\/wp\/v2\/pages\/32\/revisions"}],"predecessor-version":[{"id":274,"href":"https:\/\/71finest.com\/index.php\/wp-json\/wp\/v2\/pages\/32\/revisions\/274"}],"wp:attachment":[{"href":"https:\/\/71finest.com\/index.php\/wp-json\/wp\/v2\/media?parent=32"}],"curies":[{"name":"wp","href":"https:\/\/api.w.org\/{rel}","templated":true}]}}