{"id":26,"date":"2020-07-26T17:11:25","date_gmt":"2020-07-26T17:11:25","guid":{"rendered":"https:\/\/71finest.com\/?page_id=26"},"modified":"2020-11-15T20:18:43","modified_gmt":"2020-11-15T20:18:43","slug":"technik","status":"publish","type":"page","link":"https:\/\/71finest.com\/index.php\/technik\/","title":{"rendered":"Technik"},"content":{"rendered":"\n<p style=\"font-size:24px\"><strong>Microphones<\/strong><\/p>\n\n\n\n<div class=\"wp-block-image\"><figure class=\"aligncenter size-large\"><img loading=\"lazy\" width=\"700\" height=\"105\" src=\"https:\/\/71finest.com\/wp-content\/uploads\/2020\/09\/Mics-700x105.png\" alt=\"\" class=\"wp-image-152\" srcset=\"https:\/\/71finest.com\/wp-content\/uploads\/2020\/09\/Mics-700x105.png 700w, https:\/\/71finest.com\/wp-content\/uploads\/2020\/09\/Mics-300x45.png 300w, https:\/\/71finest.com\/wp-content\/uploads\/2020\/09\/Mics-768x115.png 768w, https:\/\/71finest.com\/wp-content\/uploads\/2020\/09\/Mics-1536x230.png 1536w, https:\/\/71finest.com\/wp-content\/uploads\/2020\/09\/Mics.png 2000w\" sizes=\"(max-width: 700px) 100vw, 700px\" \/><\/figure><\/div>\n\n\n\n<p class=\"has-medium-font-size\"><\/p>\n\n\n\n<p style=\"font-size:18px\"><em>Qualit\u00e4t beginnt an der Quelle &#8211; Der Grundbaustein entscheidet.<\/em><\/p>\n\n\n\n<p class=\"has-normal-font-size\">F\u00fcr mich als Audio Engineer bedeutet das, bereits w\u00e4hrend der Aufnahme h\u00f6chsten Anspr\u00fcchen zu gen\u00fcgen, um die besten Voraussetzungen f\u00fcr ein anspruchsvolles Endprodukt zu schaffen. Neben den diversen akustischen Anpassungen in meinen R\u00e4umlichkeiten, ist f\u00fcr mich an dieser Stelle vor Allem die Auswahl der passenden Mikrofone von entscheidender Bedeutung. <\/p>\n\n\n\n<p class=\"has-normal-font-size\">\u00dcber die Jahre und mit steigender Anzahl an individuellen Projekten, habe ich mir einen bunten Mix aus Mikrofonen zugelegt, der stetig durch neue Sch\u00e4tze erweitert wird. Die Vielfalt erm\u00f6glicht mir eine individuelle Mikrofonierung der jeweiligen Aufnahmequelle und garantiert hohe Detailtreue.<\/p>\n\n\n\n<p style=\"font-size:14px\"><em>Aktuell arbeite ich u.a. mit Produkten der folgenden Hersteller: Neumann, AKG, Shure, Beyerdynamic und Oktava. <\/em><\/p>\n\n\n\n<p class=\"has-medium-font-size\"><\/p>\n\n\n\n<p style=\"font-size:24px\"><strong>Hardware<\/strong><\/p>\n\n\n\n<figure class=\"wp-block-image size-large\"><img loading=\"lazy\" width=\"700\" height=\"105\" src=\"https:\/\/71finest.com\/wp-content\/uploads\/2020\/09\/Rack-700x105.png\" alt=\"\" class=\"wp-image-149\" srcset=\"https:\/\/71finest.com\/wp-content\/uploads\/2020\/09\/Rack-700x105.png 700w, https:\/\/71finest.com\/wp-content\/uploads\/2020\/09\/Rack-300x45.png 300w, https:\/\/71finest.com\/wp-content\/uploads\/2020\/09\/Rack-768x115.png 768w, https:\/\/71finest.com\/wp-content\/uploads\/2020\/09\/Rack-1536x230.png 1536w, https:\/\/71finest.com\/wp-content\/uploads\/2020\/09\/Rack.png 2000w\" sizes=\"(max-width: 700px) 100vw, 700px\" \/><\/figure>\n\n\n\n<p class=\"has-medium-font-size\"><\/p>\n\n\n\n<p style=\"font-size:18px\"><em>So oft untersch\u00e4tzt und doch entscheidend im Detail.<\/em><\/p>\n\n\n\n<p class=\"has-normal-font-size\">Beste technische Voraussetzungen sind die Grundlage einer jeden professionellen Produktion. Angefangen von den oben erw\u00e4hnten Mikrofonen \u00fcber Interfaces, Vorverst\u00e4rker und Monitorboxen, bis hin zu Controllern und Stativen, die Liste der Hardware ist lang. <\/p>\n\n\n\n<p class=\"has-normal-font-size\">Um Produktionen auf h\u00f6chstem Niveau bieten zu k\u00f6nnen, habe ich bewusst auf Qualit\u00e4t und Individualit\u00e4t geachtet. Die Interfaces gen\u00fcgen h\u00f6chsten Studiostandards und bieten ob hier im Studio, oder gegebenenfalls auch vor Ort, beste M\u00f6glichkeiten f\u00fcr qualitativ hochwertige Aufnahmen. <\/p>\n\n\n\n<p class=\"has-normal-font-size\">Um Aufnahmen das gewisse Etwas zu verleihen, sind neben zahlreichen Hilfsmitteln auch Hardware Vorverst\u00e4rker im Einsatz. Die analoge Technik mit R\u00f6hren und Widerst\u00e4nden ist f\u00fcr mich eine klare Option f\u00fcr eine Produktion auf h\u00f6chstem Niveau und veredelt Projekte mit einer tollen warmen Note.<\/p>\n\n\n\n<p style=\"font-size:14px\"><em>Aktuell arbeite ich u.a. mit Produkten der folgenden Hersteller: Apogee, Apple, Avalon, Universal Audio, Mackie, Adam und Alesis<\/em>.<\/p>\n\n\n\n<p class=\"has-medium-font-size\"><\/p>\n\n\n\n<p style=\"font-size:24px\"><strong>Software<\/strong><\/p>\n\n\n\n<figure class=\"wp-block-image size-large\"><img loading=\"lazy\" width=\"700\" height=\"105\" src=\"https:\/\/71finest.com\/wp-content\/uploads\/2020\/09\/Plugins-700x105.png\" alt=\"\" class=\"wp-image-145\" srcset=\"https:\/\/71finest.com\/wp-content\/uploads\/2020\/09\/Plugins-700x105.png 700w, https:\/\/71finest.com\/wp-content\/uploads\/2020\/09\/Plugins-300x45.png 300w, https:\/\/71finest.com\/wp-content\/uploads\/2020\/09\/Plugins-768x115.png 768w, https:\/\/71finest.com\/wp-content\/uploads\/2020\/09\/Plugins-1536x230.png 1536w, https:\/\/71finest.com\/wp-content\/uploads\/2020\/09\/Plugins.png 2000w\" sizes=\"(max-width: 700px) 100vw, 700px\" \/><\/figure>\n\n\n\n<p class=\"has-medium-font-size\"><\/p>\n\n\n\n<p style=\"font-size:18px\"><em>Die Helfer im Hintergrund und Kreativtool zugleich.<\/em><\/p>\n\n\n\n<p class=\"has-normal-font-size\">Die M\u00f6glichkeiten des digitalen Arbeitens sind heute ann\u00e4hernd grenzenlos. Neben zwei DAW-Systemen bietet mein derzeitiges Setup auch diverse Tools zur Bearbeitung und Individualisierung des vorliegenden Klangmaterials. Das Ziel ist hierbei f\u00fcr mich die Ausarbeitung und die kreative Verbesserung des Klangs. <\/p>\n\n\n\n<p class=\"has-normal-font-size\">Neben der Verbesserung des Klangs ist f\u00fcr mich nat\u00fcrlich auch die Erzeugung von Kl\u00e4ngen von entscheidender Bedeutung. Mit einer beachtlichen Auswahl an Sound-Libraries und PlugIns bietet das jetzige System hervorragende M\u00f6glichkeiten um auch vor Ort kreativ auf das Projekt einwirken zu k\u00f6nnen. <\/p>\n\n\n\n<p><em>Aktuell arbeite ich u.a. mit Produkten der folgenden Hersteller: Avid, Apple, SyncroArts, Celemony, Vienna Instruments, Native Instruments und Output.<\/em><\/p>\n\n\n\n<p class=\"has-medium-font-size\"><\/p>\n","protected":false},"excerpt":{"rendered":"Microphones Qualit\u00e4t beginnt an der Quelle &#8211; Der Grundbaustein entscheidet. F\u00fcr mich als Audio Engineer bedeutet das, bereits w\u00e4hrend der Aufnahme h\u00f6chsten Anspr\u00fcchen zu gen\u00fcgen, um die besten Voraussetzungen f\u00fcr ein anspruchsvolles Endprodukt zu schaffen. Neben den diversen akustischen Anpassungen in meinen R\u00e4umlichkeiten, ist f\u00fcr mich an dieser Stelle vor Allem die Auswahl der passenden","protected":false},"author":1,"featured_media":0,"parent":0,"menu_order":4,"comment_status":"closed","ping_status":"closed","template":"","meta":[],"_links":{"self":[{"href":"https:\/\/71finest.com\/index.php\/wp-json\/wp\/v2\/pages\/26"}],"collection":[{"href":"https:\/\/71finest.com\/index.php\/wp-json\/wp\/v2\/pages"}],"about":[{"href":"https:\/\/71finest.com\/index.php\/wp-json\/wp\/v2\/types\/page"}],"author":[{"embeddable":true,"href":"https:\/\/71finest.com\/index.php\/wp-json\/wp\/v2\/users\/1"}],"replies":[{"embeddable":true,"href":"https:\/\/71finest.com\/index.php\/wp-json\/wp\/v2\/comments?post=26"}],"version-history":[{"count":57,"href":"https:\/\/71finest.com\/index.php\/wp-json\/wp\/v2\/pages\/26\/revisions"}],"predecessor-version":[{"id":238,"href":"https:\/\/71finest.com\/index.php\/wp-json\/wp\/v2\/pages\/26\/revisions\/238"}],"wp:attachment":[{"href":"https:\/\/71finest.com\/index.php\/wp-json\/wp\/v2\/media?parent=26"}],"curies":[{"name":"wp","href":"https:\/\/api.w.org\/{rel}","templated":true}]}}