{"id":10,"date":"2020-07-26T00:07:09","date_gmt":"2020-07-26T00:07:09","guid":{"rendered":"https:\/\/71finest.com\/?page_id=10"},"modified":"2020-11-16T21:05:59","modified_gmt":"2020-11-16T21:05:59","slug":"raeumlichkeiten","status":"publish","type":"page","link":"https:\/\/71finest.com\/index.php\/raeumlichkeiten\/","title":{"rendered":"R\u00e4umlichkeiten"},"content":{"rendered":"\n<p style=\"font-size:24px\"><strong>Controlroom<\/strong><\/p>\n\n\n\n<div class=\"wp-block-image\"><figure class=\"aligncenter size-large\"><img loading=\"lazy\" width=\"700\" height=\"377\" src=\"https:\/\/71finest.com\/wp-content\/uploads\/2020\/09\/Regie-Weitwinkel-700x377.png\" alt=\"\" class=\"wp-image-157\" srcset=\"https:\/\/71finest.com\/wp-content\/uploads\/2020\/09\/Regie-Weitwinkel-700x377.png 700w, https:\/\/71finest.com\/wp-content\/uploads\/2020\/09\/Regie-Weitwinkel-300x161.png 300w, https:\/\/71finest.com\/wp-content\/uploads\/2020\/09\/Regie-Weitwinkel-768x413.png 768w, https:\/\/71finest.com\/wp-content\/uploads\/2020\/09\/Regie-Weitwinkel-1536x826.png 1536w, https:\/\/71finest.com\/wp-content\/uploads\/2020\/09\/Regie-Weitwinkel.png 2000w\" sizes=\"(max-width: 700px) 100vw, 700px\" \/><\/figure><\/div>\n\n\n\n<p class=\"has-medium-font-size\"><\/p>\n\n\n\n<p style=\"font-size:18px\"><em>Der akustisch optimierte Controlroom mit Atmosphere.<\/em><\/p>\n\n\n\n<p class=\"has-normal-font-size\">Zugegeben, Studios gibt es Viele und die optischen, sowie r\u00e4umlichen Voraussetzungen sind meist unterschiedlich beeindruckend. F\u00fcr mich war bei der Gestaltung der R\u00e4umlichkeiten vor allem der Wohlf\u00fchlfaktor entscheidend, ein Element das leider oft vergessen wird und in meinen Augen doch von entscheidender Bedeutung ist. <\/p>\n\n\n\n<p class=\"has-normal-font-size\">In ruhiger und harmonischer Atmosphere sorgt die meist famili\u00e4re Stimmung f\u00fcr ein angenehmes Aufnahmeklima.<\/p>\n\n\n\n<p class=\"has-medium-font-size\"><\/p>\n\n\n\n<p style=\"font-size:24px\"><strong>Recording <\/strong><\/p>\n\n\n\n<div class=\"wp-block-image\"><figure class=\"aligncenter size-large\"><img loading=\"lazy\" width=\"700\" height=\"377\" src=\"https:\/\/71finest.com\/wp-content\/uploads\/2020\/09\/Recording-weit-700x377.png\" alt=\"\" class=\"wp-image-158\" srcset=\"https:\/\/71finest.com\/wp-content\/uploads\/2020\/09\/Recording-weit-700x377.png 700w, https:\/\/71finest.com\/wp-content\/uploads\/2020\/09\/Recording-weit-300x161.png 300w, https:\/\/71finest.com\/wp-content\/uploads\/2020\/09\/Recording-weit-768x413.png 768w, https:\/\/71finest.com\/wp-content\/uploads\/2020\/09\/Recording-weit-1536x826.png 1536w, https:\/\/71finest.com\/wp-content\/uploads\/2020\/09\/Recording-weit.png 2000w\" sizes=\"(max-width: 700px) 100vw, 700px\" \/><\/figure><\/div>\n\n\n\n<p class=\"has-medium-font-size\"><\/p>\n\n\n\n<p style=\"font-size:18px\"><em>Individuell anpassbar &#8211; variabel f\u00fcr verschiedenste Klangquellen<\/em><\/p>\n\n\n\n<p class=\"has-normal-font-size\">Die Optimierung der klanglichen Eigenschaften in den R\u00e4umlichkeiten sind beim Recording von entscheidender Bedeutung. Durch variable Trennw\u00e4nde kann der Raum individuell an die jeweilige Klangquelle angepasst werden und passt sich somit Ihren Bed\u00fcrfnissen an.<\/p>\n\n\n\n<p class=\"has-medium-font-size\"><\/p>\n","protected":false},"excerpt":{"rendered":"Controlroom Der akustisch optimierte Controlroom mit Atmosphere. Zugegeben, Studios gibt es Viele und die optischen, sowie r\u00e4umlichen Voraussetzungen sind meist unterschiedlich beeindruckend. F\u00fcr mich war bei der Gestaltung der R\u00e4umlichkeiten vor allem der Wohlf\u00fchlfaktor entscheidend, ein Element das leider oft vergessen wird und in meinen Augen doch von entscheidender Bedeutung ist. In ruhiger und harmonischer","protected":false},"author":1,"featured_media":0,"parent":0,"menu_order":3,"comment_status":"closed","ping_status":"closed","template":"","meta":[],"_links":{"self":[{"href":"https:\/\/71finest.com\/index.php\/wp-json\/wp\/v2\/pages\/10"}],"collection":[{"href":"https:\/\/71finest.com\/index.php\/wp-json\/wp\/v2\/pages"}],"about":[{"href":"https:\/\/71finest.com\/index.php\/wp-json\/wp\/v2\/types\/page"}],"author":[{"embeddable":true,"href":"https:\/\/71finest.com\/index.php\/wp-json\/wp\/v2\/users\/1"}],"replies":[{"embeddable":true,"href":"https:\/\/71finest.com\/index.php\/wp-json\/wp\/v2\/comments?post=10"}],"version-history":[{"count":25,"href":"https:\/\/71finest.com\/index.php\/wp-json\/wp\/v2\/pages\/10\/revisions"}],"predecessor-version":[{"id":252,"href":"https:\/\/71finest.com\/index.php\/wp-json\/wp\/v2\/pages\/10\/revisions\/252"}],"wp:attachment":[{"href":"https:\/\/71finest.com\/index.php\/wp-json\/wp\/v2\/media?parent=10"}],"curies":[{"name":"wp","href":"https:\/\/api.w.org\/{rel}","templated":true}]}}